{"id":127,"date":"2016-11-23T11:07:34","date_gmt":"2016-11-23T11:07:34","guid":{"rendered":"http:\/\/flovac.ee\/fwp\/?page_id=127"},"modified":"2023-09-20T09:48:29","modified_gmt":"2023-09-20T09:48:29","slug":"millega-tegeleme","status":"publish","type":"page","link":"https:\/\/flovac.ee\/fwp\/millega-tegeleme\/","title":{"rendered":"Millega tegeleme"},"content":{"rendered":"<div class=\"wpb-content-wrapper\"><p>[vc_row css=&#8221;.vc_custom_1479898409299{margin-top: 50px !important;}&#8221;][vc_column width=&#8221;2\/3&#8243;][vc_custom_heading text=&#8221;P\u00f5hitegevusalad&#8221; font_container=&#8221;tag:h5|text_align:left&#8221; use_theme_fonts=&#8221;yes&#8221;][vc_column_text]<\/p>\n<ul>\n<li>vaakumkanalisatsiooni eskiislahenduste v\u00e4lja t\u00f6\u00f6tamine<\/li>\n<li>vaakumkanalisatsiooni projekteerimise ja projekteerimiskonsultatsiooniga<\/li>\n<li>Vaakumkanalisatsiooni seadmete:\n<ul>\n<li>m\u00fc\u00fcgiga;<\/li>\n<li>paigaldamisega;<\/li>\n<li>opereerimise ja j\u00e4lgimisega;<\/li>\n<li>hooldusega.<\/li>\n<\/ul>\n<\/li>\n<\/ul>\n<p>[\/vc_column_text][\/vc_column][vc_column width=&#8221;1\/3&#8243;]<div class=\"get_in_touch\" ><h3 class=\"title\">Flovac Nordic O\u00dc <\/h3><div class=\"get_in_touch_wrapper\"><ul><li class=\"address\"><span class=\"icon\"><i class=\"icon-location\" aria-label=\"address\"><\/i><\/span><span class=\"address_wrapper\">Vabriku 3, Tallinn 10141<\/span><\/li><li class=\"phone phone-1\"><span class=\"icon\"><i class=\"icon-phone\" aria-label=\"phone\"><\/i><\/span><p><a href=\"tel:+3725210438\">+372 52 10 438 <\/a><\/p><\/li><li class=\"mail\"><span class=\"icon\"><i class=\"icon-mail\" aria-label=\"mail\"><\/i><\/span><p><a href=\"mailto:info@flovac.ee\">info@flovac.ee<\/a><\/p><\/li><li class=\"www\"><span class=\"icon\"><i class=\"icon-link\"><\/i><\/span><p><a target=\"_blank\" href=\"https:\/\/www.flovac.ee\">www.flovac.ee<\/a><\/p><\/li><\/ul><\/div><\/div>\n[\/vc_column][\/vc_row]<\/p>\n<\/div>","protected":false},"excerpt":{"rendered":"<p>[vc_row css=&#8221;.vc_custom_1479898409299{margin-top: 50px !important;}&#8221;][vc_column width=&#8221;2\/3&#8243;][vc_custom_heading text=&#8221;P\u00f5hitegevusalad&#8221; font_container=&#8221;tag:h5|text_align:left&#8221; use_theme_fonts=&#8221;yes&#8221;][vc_column_text] vaakumkanalisatsiooni eskiislahenduste v\u00e4lja t\u00f6\u00f6tamine vaakumkanalisatsiooni projekteerimise ja projekteerimiskonsultatsiooniga Vaakumkanalisatsiooni seadmete: m\u00fc\u00fcgiga; paigaldamisega; opereerimise ja j\u00e4lgimisega; hooldusega. [\/vc_column_text][\/vc_column][vc_column width=&#8221;1\/3&#8243;][\/vc_column][\/vc_row]<\/p>\n","protected":false},"author":1,"featured_media":0,"parent":0,"menu_order":0,"comment_status":"closed","ping_status":"closed","template":"","meta":{"footnotes":""},"class_list":["post-127","page","type-page","status-publish","hentry"],"aioseo_notices":[],"_links":{"self":[{"href":"https:\/\/flovac.ee\/fwp\/wp-json\/wp\/v2\/pages\/127","targetHints":{"allow":["GET"]}}],"collection":[{"href":"https:\/\/flovac.ee\/fwp\/wp-json\/wp\/v2\/pages"}],"about":[{"href":"https:\/\/flovac.ee\/fwp\/wp-json\/wp\/v2\/types\/page"}],"author":[{"embeddable":true,"href":"https:\/\/flovac.ee\/fwp\/wp-json\/wp\/v2\/users\/1"}],"replies":[{"embeddable":true,"href":"https:\/\/flovac.ee\/fwp\/wp-json\/wp\/v2\/comments?post=127"}],"version-history":[{"count":0,"href":"https:\/\/flovac.ee\/fwp\/wp-json\/wp\/v2\/pages\/127\/revisions"}],"wp:attachment":[{"href":"https:\/\/flovac.ee\/fwp\/wp-json\/wp\/v2\/media?parent=127"}],"curies":[{"name":"wp","href":"https:\/\/api.w.org\/{rel}","templated":true}]}}