{"id":133,"date":"2016-11-23T11:13:30","date_gmt":"2016-11-23T11:13:30","guid":{"rendered":"http:\/\/flovac.ee\/fwp\/?page_id=133"},"modified":"2017-12-08T08:03:34","modified_gmt":"2017-12-08T08:03:34","slug":"vaakumkaev","status":"publish","type":"page","link":"https:\/\/flovac.ee\/fwp\/vaakumkaev\/","title":{"rendered":"Flovaci vaakumkaev"},"content":{"rendered":"<div class=\"wpb-content-wrapper\"><p>[vc_row css=&#8221;.vc_custom_1479898409299{margin-top: 50px !important;}&#8221;][vc_column width=&#8221;2\/3&#8243;][vc_column_text]Vaakumkaev \u00fchendab hoonetest suubuva isevoolse kanalisatsioonitorustiku vaakums\u00fcsteemiga. Vaakumkaevus asetseb vaakumklapp.<\/p>\n<p>Reovee taseme t\u00f5usuga kogumiskambris surutakse indikaatortorus \u00f5hk kokku. Kokku surutud \u00f5hk avaldab survet vaakumklapi kontrolleris olevale diafragmale, mille abil avaneb klapp.<\/p>\n<p>Klapi avanedes imetakse vaakumtorustikku \u00f5hu ja reovee segu. Kogutud segu liigub torustikus kiirusega 4-6 m\/s. Vaakumkaevu on siinjuures v\u00f5imalik teha erineva kuju ja materjalidega nt. &#8211; betoonist, pol\u00fcet\u00fcleenist\u00a0v\u00f5i klaasplastist. Flovac komplekteerib vaakumkaevu\u00a0 vastavalt tellija tingimustele ja soovidele.<\/p>\n<p>Kaasaegne automaatika v\u00f5imaldab koguda ja edastada Tellijale s\u00fcsteemi t\u00f6\u00f6 kohta vaakumklapist j\u00e4rgmisi parameetreid:<\/p>\n<ol>\n<li>Vaakums\u00fcsteemi alar\u00f5hk;<\/li>\n<li>Vaakumklapi t\u00f6\u00f6ts\u00fcklid;<\/li>\n<li>Vaakumkaevu temperatuur;<\/li>\n<li>Informatsioon vaakumklapi t\u00f6\u00f6seisundist;<\/li>\n<li>Vaakumkaevu avariinivoo;<\/li>\n<li>S\u00fcsteemi toitepinge.<\/li>\n<\/ol>\n<p>[\/vc_column_text][\/vc_column][vc_column width=&#8221;1\/3&#8243;][vc_wp_custommenu nav_menu=&#8221;4&#8243;][\/vc_column][\/vc_row][vc_row][vc_column][vc_masonry_media_grid element_width=&#8221;3&#8243; gap=&#8221;2&#8243; grid_id=&#8221;vc_gid:1512720192388-54c69a73b60058be0fe835984de11b09-9&#8243; include=&#8221;298,297,296,295&#8243;][\/vc_column][\/vc_row]<\/p>\n<\/div>","protected":false},"excerpt":{"rendered":"<p>[vc_row css=&#8221;.vc_custom_1479898409299{margin-top: 50px !important;}&#8221;][vc_column width=&#8221;2\/3&#8243;][vc_column_text]Vaakumkaev \u00fchendab hoonetest suubuva isevoolse kanalisatsioonitorustiku vaakums\u00fcsteemiga. Vaakumkaevus asetseb vaakumklapp. Reovee taseme t\u00f5usuga kogumiskambris surutakse indikaatortorus \u00f5hk kokku. Kokku surutud \u00f5hk avaldab<span class=\"excerpt-hellip\"> [\u2026]<\/span><\/p>\n","protected":false},"author":1,"featured_media":0,"parent":0,"menu_order":0,"comment_status":"closed","ping_status":"closed","template":"","meta":{"footnotes":""},"class_list":["post-133","page","type-page","status-publish","hentry"],"aioseo_notices":[],"_links":{"self":[{"href":"https:\/\/flovac.ee\/fwp\/wp-json\/wp\/v2\/pages\/133","targetHints":{"allow":["GET"]}}],"collection":[{"href":"https:\/\/flovac.ee\/fwp\/wp-json\/wp\/v2\/pages"}],"about":[{"href":"https:\/\/flovac.ee\/fwp\/wp-json\/wp\/v2\/types\/page"}],"author":[{"embeddable":true,"href":"https:\/\/flovac.ee\/fwp\/wp-json\/wp\/v2\/users\/1"}],"replies":[{"embeddable":true,"href":"https:\/\/flovac.ee\/fwp\/wp-json\/wp\/v2\/comments?post=133"}],"version-history":[{"count":0,"href":"https:\/\/flovac.ee\/fwp\/wp-json\/wp\/v2\/pages\/133\/revisions"}],"wp:attachment":[{"href":"https:\/\/flovac.ee\/fwp\/wp-json\/wp\/v2\/media?parent=133"}],"curies":[{"name":"wp","href":"https:\/\/api.w.org\/{rel}","templated":true}]}}