{"id":138,"date":"2016-11-23T11:15:45","date_gmt":"2016-11-23T11:15:45","guid":{"rendered":"http:\/\/flovac.ee\/fwp\/?page_id=138"},"modified":"2016-11-30T12:41:28","modified_gmt":"2016-11-30T12:41:28","slug":"flovaci-vaakumklapp","status":"publish","type":"page","link":"https:\/\/flovac.ee\/fwp\/flovaci-vaakumklapp\/","title":{"rendered":"Flovaci vaakumklapp"},"content":{"rendered":"<div class=\"wpb-content-wrapper\"><p>[vc_row css=&#8221;.vc_custom_1479898409299{margin-top: 50px !important;}&#8221;][vc_column width=&#8221;2\/3&#8243;][vc_column_text]Flovaci vaakumklapp vastab t\u00e4ielikult Euroopa standardile EVS-EN 1091:2000 \u201eVaakumkanalisatsiooni s\u00fcsteemid v\u00e4ljapool hooneid\u201c. Pakume Flovac vaakumklapile\u00a0ja\u00a0kontrollerile garantiid\u00a010 aastat.<\/p>\n<p>Omadused ja eelised:<\/p>\n<ul class=\"list_check\">\n<li>Klapi sisel\u00e4bim\u00f5\u00f5t 78 mm, see k\u00f5ige suurema l\u00e4bitavuse ja diameetriga vaakumklapp, mis sobib standardse 90 mm toruga;<\/li>\n<li>V\u00e4ike\u00a0 h\u00f5\u00f5rdekadu v\u00f5imaldab paremat l\u00e4bivoolu ja t\u00f5husamat s\u00fcsteemi;<\/li>\n<li>V\u00e4rvilised voolikud ja toru\u00fchendused \u2013 tagavad t\u00f6\u00f6maal \u00f5ige komplekteerimise<\/li>\n<li>Revolutsiooniline \u201eEasy Clip\u201c s\u00fcsteem tagab kontrolleri ja klapi \u00fchilduvuse, asetab ja hoiab kontrolleri \u00f5iges asendis. K\u00f5rvaldab vaakumilekked.<\/li>\n<\/ul>\n<p>Flovaci kontroller:<\/p>\n<ul class=\"list_check\">\n<li>Unikaalne 3 lukuga disain garanteerib\u00a0 kompaktset kontrolleri ehitust ja tagab lihtsama paigalduse;<\/li>\n<li>L\u00e4bipaistev\u00a0korpus;<\/li>\n<li>Lihtsustatud klamber tagab \u00f5ige komplekteerimise;<\/li>\n<li>Kaasaegse vaakumkontrolleri jala kuju tagab v\u00e4iksemad vaakumilekked.<\/li>\n<\/ul>\n<p>[\/vc_column_text][\/vc_column][vc_column width=&#8221;1\/3&#8243;][vc_wp_custommenu nav_menu=&#8221;4&#8243;][\/vc_column][\/vc_row][vc_row][vc_column][vc_masonry_media_grid gap=&#8221;2&#8243; grid_id=&#8221;vc_gid:1480509643363-65d7b9dc-3bfa-9&#8243; include=&#8221;313,312,314&#8243;][\/vc_column][\/vc_row]<\/p>\n<\/div>","protected":false},"excerpt":{"rendered":"<p>[vc_row css=&#8221;.vc_custom_1479898409299{margin-top: 50px !important;}&#8221;][vc_column width=&#8221;2\/3&#8243;][vc_column_text]Flovaci vaakumklapp vastab t\u00e4ielikult Euroopa standardile EVS-EN 1091:2000 \u201eVaakumkanalisatsiooni s\u00fcsteemid v\u00e4ljapool hooneid\u201c. Pakume Flovac vaakumklapile\u00a0ja\u00a0kontrollerile garantiid\u00a010 aastat. Omadused ja eelised: Klapi sisel\u00e4bim\u00f5\u00f5t<span class=\"excerpt-hellip\"> [\u2026]<\/span><\/p>\n","protected":false},"author":1,"featured_media":0,"parent":0,"menu_order":0,"comment_status":"closed","ping_status":"closed","template":"","meta":{"footnotes":""},"class_list":["post-138","page","type-page","status-publish","hentry"],"aioseo_notices":[],"_links":{"self":[{"href":"https:\/\/flovac.ee\/fwp\/wp-json\/wp\/v2\/pages\/138","targetHints":{"allow":["GET"]}}],"collection":[{"href":"https:\/\/flovac.ee\/fwp\/wp-json\/wp\/v2\/pages"}],"about":[{"href":"https:\/\/flovac.ee\/fwp\/wp-json\/wp\/v2\/types\/page"}],"author":[{"embeddable":true,"href":"https:\/\/flovac.ee\/fwp\/wp-json\/wp\/v2\/users\/1"}],"replies":[{"embeddable":true,"href":"https:\/\/flovac.ee\/fwp\/wp-json\/wp\/v2\/comments?post=138"}],"version-history":[{"count":0,"href":"https:\/\/flovac.ee\/fwp\/wp-json\/wp\/v2\/pages\/138\/revisions"}],"wp:attachment":[{"href":"https:\/\/flovac.ee\/fwp\/wp-json\/wp\/v2\/media?parent=138"}],"curies":[{"name":"wp","href":"https:\/\/api.w.org\/{rel}","templated":true}]}}