{"id":142,"date":"2016-11-23T11:18:27","date_gmt":"2016-11-23T11:18:27","guid":{"rendered":"http:\/\/flovac.ee\/fwp\/?page_id=142"},"modified":"2016-11-23T16:13:57","modified_gmt":"2016-11-23T16:13:57","slug":"flovaci-vaakumtorustik","status":"publish","type":"page","link":"https:\/\/flovac.ee\/fwp\/flovaci-vaakumtorustik\/","title":{"rendered":"Flovaci vaakumtorustik"},"content":{"rendered":"<div class=\"wpb-content-wrapper\"><p>[vc_row css=&#8221;.vc_custom_1479898409299{margin-top: 50px !important;}&#8221;][vc_column width=&#8221;2\/3&#8243;][vc_column_text]Vaakumtorustik paigaldatakse tasasel pinnal ja m\u00e4kke t\u00f5usul kaevikusse astmelises profiilis. Allam\u00e4ge liigub torustik maapinna kaldega. Torustik ehitatakse kaldega, mis ei tohi olla v\u00e4iksem kui 2mm\/m. Astmeline profiil tagab reovee kogunemise madalatesse punktidesse ja s\u00e4ilitab torustiku \u00fchtse ehituss\u00fcgavuse. T\u00f5us on lihtsalt kaks 45\u00ba kraadist p\u00f5lve koos nende vahel paikneva l\u00fchikese toruga.<\/p>\n<p>Vaakumtorustikul on v\u00e4iksem l\u00e4bim\u00f5\u00f5t kui isevoolsetel s\u00fcsteemidel. Vaakumtorustik on kavandatud t\u00f6\u00f6tama suurema voolukiirusega ja kahefaasilise voolu juures, mis tagab t\u00f5husama vedeliku transpordi ja hoiab torustiku palju puhtamana. Vaakumitorustiku materjalina kasutatakse plasttorusid PE 100 v\u00f5i PVC.<\/p>\n<p>Iga t\u00f5usuga esineb torustikus vaakumikadu. See piirab aga vaakumitorustiku pikkuse, mis v\u00f5ib olla tasasel maapinnal \u00a0kuni 5 kilomeetrit.[\/vc_column_text][\/vc_column][vc_column width=&#8221;1\/3&#8243;][vc_wp_custommenu nav_menu=&#8221;4&#8243;][\/vc_column][\/vc_row][vc_row][vc_column][vc_masonry_media_grid element_width=&#8221;3&#8243; gap=&#8221;2&#8243; grid_id=&#8221;vc_gid:1479917626505-d47060c3-1618-7&#8243; include=&#8221;293,292,291,290&#8243;][\/vc_column][\/vc_row]<\/p>\n<\/div>","protected":false},"excerpt":{"rendered":"<p>[vc_row css=&#8221;.vc_custom_1479898409299{margin-top: 50px !important;}&#8221;][vc_column width=&#8221;2\/3&#8243;][vc_column_text]Vaakumtorustik paigaldatakse tasasel pinnal ja m\u00e4kke t\u00f5usul kaevikusse astmelises profiilis. Allam\u00e4ge liigub torustik maapinna kaldega. Torustik ehitatakse kaldega, mis ei tohi olla<span class=\"excerpt-hellip\"> [\u2026]<\/span><\/p>\n","protected":false},"author":1,"featured_media":0,"parent":0,"menu_order":0,"comment_status":"closed","ping_status":"closed","template":"","meta":{"footnotes":""},"class_list":["post-142","page","type-page","status-publish","hentry"],"aioseo_notices":[],"_links":{"self":[{"href":"https:\/\/flovac.ee\/fwp\/wp-json\/wp\/v2\/pages\/142","targetHints":{"allow":["GET"]}}],"collection":[{"href":"https:\/\/flovac.ee\/fwp\/wp-json\/wp\/v2\/pages"}],"about":[{"href":"https:\/\/flovac.ee\/fwp\/wp-json\/wp\/v2\/types\/page"}],"author":[{"embeddable":true,"href":"https:\/\/flovac.ee\/fwp\/wp-json\/wp\/v2\/users\/1"}],"replies":[{"embeddable":true,"href":"https:\/\/flovac.ee\/fwp\/wp-json\/wp\/v2\/comments?post=142"}],"version-history":[{"count":0,"href":"https:\/\/flovac.ee\/fwp\/wp-json\/wp\/v2\/pages\/142\/revisions"}],"wp:attachment":[{"href":"https:\/\/flovac.ee\/fwp\/wp-json\/wp\/v2\/media?parent=142"}],"curies":[{"name":"wp","href":"https:\/\/api.w.org\/{rel}","templated":true}]}}