{"id":146,"date":"2016-11-23T11:19:54","date_gmt":"2016-11-23T11:19:54","guid":{"rendered":"http:\/\/flovac.ee\/fwp\/?page_id=146"},"modified":"2017-12-08T08:01:12","modified_gmt":"2017-12-08T08:01:12","slug":"flovac-vaakumpumpla","status":"publish","type":"page","link":"https:\/\/flovac.ee\/fwp\/flovac-vaakumpumpla\/","title":{"rendered":"Flovac vaakumpumpla"},"content":{"rendered":"<div class=\"wpb-content-wrapper\"><p>[vc_row css=&#8221;.vc_custom_1479898409299{margin-top: 50px !important;}&#8221;][vc_column width=&#8221;2\/3&#8243;][vc_column_text]Vaakumpumpla imeb reovee ja \u00f5hu segu pumpla vaakummahutisse. Vaakumpumplast pumbatakse reovesi edasi reoveepuhastisse v\u00f5i olemasolevasse s\u00fcsteemi. Vaakumpumplas asetsevad kaks kuivasetusega v\u00f5i uputatud reoveepumpa ja kaks kuni kuus vaakumpumpa (vaakumpumpade arv s\u00f5ltub s\u00fcsteemi suurusest). Kogu pumpla sisseseade on eelnevat Flovac meeskonna poolt kokku komplekteeritud ja testitud ning saabub t\u00f6\u00f6maale \u00fches t\u00fckis. K\u00f5ik see tagab madalamad ehituskulud ning v\u00f5imalikud vead kohapealsest montaa\u017eist.<\/p>\n<p>Vaakumpumbad t\u00f6\u00f6tavad tavaliselt 2 kuni 3 tundi p\u00e4evas. Reovee torustikku\u00a0 kogumisel, hakkab\u00a0 s\u00fcsteemi vaakum aeglaselt v\u00e4henema -70kPa kuni -50kPa. Vaakumpumbad on dimensioneeritud sellistena, et suudavad taastada esialgse vaakumi maksimaalselt 3 minutiga. Reovee survepumbad on dimensioneeritud tunni maksimaalse vooluhulga j\u00e4rgi. Energiakulu saab arvutada projekteerimise staadiumis.<\/p>\n<p>Vaakummahuti valmistamisel kasutatakse tavaliselt v\u00e4rvitud- v\u00f5i roostevaba terast. Vaakummahuti suurused j\u00e4\u00e4vad vahemikku 2,5 m\u00b3 kuni 15 m\u00b3. Sissetulevad vaakumtorustiku liinid\u00a0 \u00fchendatakse \u00a0eraldi vaakummahuti k\u00fclge.<\/p>\n<p>Automaatika v\u00f5imaldab operaatoril saada vaakumpumplast j\u00e4rgmist informatsiooni:<\/p>\n<ul class=\"list_check\">\n<li>S\u00fcsteem registreerib vaakum- ja reoveesurvepumba t\u00f6\u00f6tunnid.<\/li>\n<li>S\u00fcsteem registreerib alar\u00f5hu alarmid;<\/li>\n<li>S\u00fcsteem registreerib vaakummahuti max. nivoo, min. nivoo;<\/li>\n<li>S\u00fcsteem registreerib v\u00f5imalikud pumpade avariid;<\/li>\n<li>S\u00fcsteem v\u00e4ljastab informatsiooni pumpade tootlikkuse kohta;<\/li>\n<\/ul>\n<p>Pumpla v\u00f5ib projekteerida nii maapealse kui maa-alusena. T\u00f6\u00f6stuspiirkondades v\u00f5ib pumpla paigutada konteinerisse.[\/vc_column_text][\/vc_column][vc_column width=&#8221;1\/3&#8243;][vc_wp_custommenu nav_menu=&#8221;4&#8243;][\/vc_column][\/vc_row][vc_row][vc_column][vc_masonry_media_grid element_width=&#8221;3&#8243; gap=&#8221;2&#8243; grid_id=&#8221;vc_gid:1512720029770-7029dd38bd4138e896961ee56111f39b-10&#8243; include=&#8221;281,280,279,278&#8243;][\/vc_column][\/vc_row]<\/p>\n<\/div>","protected":false},"excerpt":{"rendered":"<p>[vc_row css=&#8221;.vc_custom_1479898409299{margin-top: 50px !important;}&#8221;][vc_column width=&#8221;2\/3&#8243;][vc_column_text]Vaakumpumpla imeb reovee ja \u00f5hu segu pumpla vaakummahutisse. Vaakumpumplast pumbatakse reovesi edasi reoveepuhastisse v\u00f5i olemasolevasse s\u00fcsteemi. Vaakumpumplas asetsevad kaks kuivasetusega v\u00f5i uputatud<span class=\"excerpt-hellip\"> [\u2026]<\/span><\/p>\n","protected":false},"author":1,"featured_media":0,"parent":0,"menu_order":0,"comment_status":"closed","ping_status":"closed","template":"","meta":{"footnotes":""},"class_list":["post-146","page","type-page","status-publish","hentry"],"aioseo_notices":[],"_links":{"self":[{"href":"https:\/\/flovac.ee\/fwp\/wp-json\/wp\/v2\/pages\/146","targetHints":{"allow":["GET"]}}],"collection":[{"href":"https:\/\/flovac.ee\/fwp\/wp-json\/wp\/v2\/pages"}],"about":[{"href":"https:\/\/flovac.ee\/fwp\/wp-json\/wp\/v2\/types\/page"}],"author":[{"embeddable":true,"href":"https:\/\/flovac.ee\/fwp\/wp-json\/wp\/v2\/users\/1"}],"replies":[{"embeddable":true,"href":"https:\/\/flovac.ee\/fwp\/wp-json\/wp\/v2\/comments?post=146"}],"version-history":[{"count":0,"href":"https:\/\/flovac.ee\/fwp\/wp-json\/wp\/v2\/pages\/146\/revisions"}],"wp:attachment":[{"href":"https:\/\/flovac.ee\/fwp\/wp-json\/wp\/v2\/media?parent=146"}],"curies":[{"name":"wp","href":"https:\/\/api.w.org\/{rel}","templated":true}]}}