{"id":23,"date":"2016-04-20T12:49:00","date_gmt":"2016-04-20T12:49:00","guid":{"rendered":"http:\/\/themes.muffingroup.com\/be\/aquapark\/?page_id=23"},"modified":"2016-11-24T09:29:46","modified_gmt":"2016-11-24T09:29:46","slug":"kuidas-tootab","status":"publish","type":"page","link":"https:\/\/flovac.ee\/fwp\/kuidas-tootab\/","title":{"rendered":"Kuidas t\u00f6\u00f6tab"},"content":{"rendered":"<div class=\"wpb-content-wrapper\"><p>[vc_row css=&#8221;.vc_custom_1479898409299{margin-top: 50px !important;}&#8221;][vc_column width=&#8221;2\/3&#8243;][vc_column_text]Vaakum-kanalisatsioon on odav ja keskkonnas\u00f5bralik meetod reovee transportimiseks hoonetest reoveepuhastini. Valminud s\u00fcsteemid on alates 1960 aastast kasutusel \u00fcle 40 riigis.<\/p>\n<p>Flovac Nordic O\u00dc pakub seejuures abi s\u00fcsteemi eskiislaheduse koostamisel, projekteerimisel, paigaldusel ja hilisemal hooldusel.[\/vc_column_text][vc_row_inner css=&#8221;.vc_custom_1479979785953{margin-bottom: -50px !important;}&#8221;][vc_column_inner width=&#8221;1\/2&#8243;][vc_video link=&#8221;https:\/\/www.youtube.com\/watch?v=2jajaOHyXYQ&#8221;][\/vc_column_inner][vc_column_inner width=&#8221;1\/2&#8243;][vc_video link=&#8221;https:\/\/youtu.be\/Pa9sWiaoeAI&#8221;][\/vc_column_inner][\/vc_row_inner][vc_custom_heading text=&#8221;Sissejuhatus Flovac vaakumkanalisatsioonis\u00fcsteemi&#8221; font_container=&#8221;tag:h5|text_align:left&#8221; use_theme_fonts=&#8221;yes&#8221;][vc_column_text]Vaakumkanalisatsiooni torustikud t\u00f6\u00f6tavad alar\u00f5huga vahemikus (-50kPa kuni -70kPa). Kogu s\u00fcsteemi vaakumi tekitavad vaakumpumplas asuvad vaakumpumbad. R\u00f5hu erinevus atmosf\u00e4\u00e4rse r\u00f5hu ja vaakumi vahel annab energiat vaakumklappide avamiseks\u00a0 ja reovee transportimiseks tarbija juures asuvast vaakumkaevust pumplasse. Reovesi voolab isevoolsena hoonetest vaakumkaevu kogumiskambrisse.<\/p>\n<p>Kui kogumiskambri maht 40 liitrit saab t\u00e4is, avaneb vaakumklapp automaatselt ja r\u00f5hkude erinevuse t\u00f5ttu imetakse reovesi torustiku. Reovesi transporditakse m\u00f6\u00f6da torustikku vaakumpumplasse. Vaakumpumplast pumbatakse reovesi edasi reoveepuhastisse v\u00f5i olemasolevasse reoveekanalisatsiooni s\u00fcsteemi. Eriliseks muudab s\u00fcsteemi see, et elektrivajadus on ainult vaakumpumplas s.t. vaakumklapp vaakumkaevus ei vaja elektri\u00fchendust.[\/vc_column_text][vc_custom_heading text=&#8221;Vaakumkanalisatsiooni eelised&#8221; font_container=&#8221;tag:h5|text_align:left&#8221; use_theme_fonts=&#8221;yes&#8221;][vc_column_text]T\u00e4nap\u00e4eval on palju erinevaid v\u00f5imalusi reovee transpordiks punktist A punkti B. Samas on siiani Eestis kasutatud esimeses j\u00e4rjekorras nn isevoolset reovee edasijuhtimise s\u00fcsteemi, mis paljuski on kinni m\u00f5tlemises, et kui elekter \u00e4ra l\u00e4heb, siis \u201esolk\u201c voolab ikka minema. Samas on t\u00f5siasi see, et kui ei ole elektrit, siis ei ole ei joogivett ega ka nn \u201ekasutatud joogivett\u201c ehk reovett.<\/p>\n<p>Nimetatud ideoloogia on olnud suureks takistuseks, et vaadata asju laiemalt ning leida lisaks maailma \u00fchele kallimatest kommunikatsioonidest, milleks on isevoolne reovee s\u00fcsteem, oluliselt odavamaid lahendusi, miks mitte vaakumkanalisatsioon.<\/p>\n<p>Siinkohal toome v\u00e4lja m\u00f5ningad vaakumkanalisatsiooni olulisemad eelised v\u00f5rreldes isevoolse reoveekanalisatsiooniga.<\/p>\n<ul class=\"list_check\">\n<li>Kuna vaakumtorustike s\u00fcsteemi pikkus v\u00f5ib olla kuni 5 km, siis nimetatud asjaolu annab v\u00f5imaluse loobuda mitmest reovee \u00fclepumplast. Kokkuhoid saavutatakse nii opereerimise kuludest, elektri liitumistasudest, elektritasudest (k.a. v\u00f5imalus elektri liitumist igasse punkti elektri-ettev\u00f5tjalt saavutada)<\/li>\n<li>Isevoolsete reoveetorustike varieeruva paigalduss\u00fcgavuse saab asendada paigaldatava veetorustikuga samal s\u00fcgavusel asetseva vaakum reoveetorustikuga, mille asend s\u00f5ltub ainult k\u00fclmumispiirist.<\/li>\n<li>Vaakums\u00fcsteemi automaatika v\u00f5imaldab vahetult tarbija reovee liitumispunktis koguda informatsiooni tarbijate reoveekoguste kohta igal ajahetkel.<\/li>\n<li>Kuna vaakum reoveetorustik koosneb keevitatud surve\/vaakumtorudest, siis sademevee sissep\u00e4\u00e4s s\u00fcsteemi vaakumtorustikest ei ole v\u00f5imalik.<\/li>\n<li>Vaakumtorustiku on v\u00f5imalik paigaldada nii lahtisel kui ka kinnisel meetodil.<\/li>\n<li>Suurel\u00e4bim\u00f5\u00f5dulised isevoolsed torustikud saab asendada oluliselt v\u00e4iksema diameetriga vaakumtorustikega.<\/li>\n<\/ul>\n<p>Elektrivajadus on ainult \u00fches punktis, milleks on vaakumpumpla. Siinjuures on v\u00f5imalik \u00fche vaakumpumpla k\u00fclge \u00fchendada kuni 3000 tarbija reoveetorustikud.[\/vc_column_text][\/vc_column][vc_column width=&#8221;1\/3&#8243;][vc_wp_custommenu nav_menu=&#8221;4&#8243;][\/vc_column][\/vc_row]<\/p>\n<\/div>","protected":false},"excerpt":{"rendered":"<p>[vc_row css=&#8221;.vc_custom_1479898409299{margin-top: 50px !important;}&#8221;][vc_column width=&#8221;2\/3&#8243;][vc_column_text]Vaakum-kanalisatsioon on odav ja keskkonnas\u00f5bralik meetod reovee transportimiseks hoonetest reoveepuhastini. Valminud s\u00fcsteemid on alates 1960 aastast kasutusel \u00fcle 40 riigis. Flovac Nordic<span class=\"excerpt-hellip\"> [\u2026]<\/span><\/p>\n","protected":false},"author":1,"featured_media":0,"parent":0,"menu_order":0,"comment_status":"closed","ping_status":"closed","template":"","meta":{"footnotes":""},"class_list":["post-23","page","type-page","status-publish","hentry"],"aioseo_notices":[],"_links":{"self":[{"href":"https:\/\/flovac.ee\/fwp\/wp-json\/wp\/v2\/pages\/23","targetHints":{"allow":["GET"]}}],"collection":[{"href":"https:\/\/flovac.ee\/fwp\/wp-json\/wp\/v2\/pages"}],"about":[{"href":"https:\/\/flovac.ee\/fwp\/wp-json\/wp\/v2\/types\/page"}],"author":[{"embeddable":true,"href":"https:\/\/flovac.ee\/fwp\/wp-json\/wp\/v2\/users\/1"}],"replies":[{"embeddable":true,"href":"https:\/\/flovac.ee\/fwp\/wp-json\/wp\/v2\/comments?post=23"}],"version-history":[{"count":0,"href":"https:\/\/flovac.ee\/fwp\/wp-json\/wp\/v2\/pages\/23\/revisions"}],"wp:attachment":[{"href":"https:\/\/flovac.ee\/fwp\/wp-json\/wp\/v2\/media?parent=23"}],"curies":[{"name":"wp","href":"https:\/\/api.w.org\/{rel}","templated":true}]}}