{"id":367,"date":"2019-05-20T08:08:19","date_gmt":"2019-05-20T08:08:19","guid":{"rendered":"https:\/\/flovac.ee\/fwp\/?page_id=367"},"modified":"2019-05-20T08:08:19","modified_gmt":"2019-05-20T08:08:19","slug":"privaatsuspoliitika","status":"publish","type":"page","link":"https:\/\/flovac.ee\/fwp\/privaatsuspoliitika\/","title":{"rendered":"Privaatsuspoliitika"},"content":{"rendered":"<div class=\"wpb-content-wrapper\"><p>[vc_row css=&#8221;.vc_custom_1479898409299{margin-top: 50px !important;}&#8221;][vc_column width=&#8221;2\/3&#8243;][vc_column_text]<\/p>\n<h4>Milliseid isikuandmeid t\u00f6\u00f6deldakse?<\/h4>\n<ul>\n<li>nimi, telefoninumber ja e-posti aadress;<\/li>\n<\/ul>\n<h4>Mis eesm\u00e4rgil isikuandmeid t\u00f6\u00f6deldakse?<\/h4>\n<p>Isikuandmeid nagu e-post, telefoni nr, kliendi nimi, t\u00f6\u00f6deldakse selleks, et lahendada kaupade ja teenuste osutamise seonduvaid k\u00fcsimusi (klienditugi).<\/p>\n<p>Veebilehe kasutaja IP-aadressi v\u00f5i teisi v\u00f5rguidentifikaatoreid t\u00f6\u00f6deldakse veebilehe kui info\u00fchiskonna teenuse osutamiseks ning veebikasutusstatistika tegemiseks.<\/p>\n<h4>\u00d5iguslik alus<\/h4>\n<p>Isikuandmete t\u00f6\u00f6tlemine toimub kliendiga s\u00f5lmitud lepingu t\u00e4itmise eesm\u00e4rgil.<\/p>\n<p>Isikuandmete t\u00f6\u00f6tlemine toimub juriidilise kohustuse t\u00e4itmiseks (nt raamatupidamine ja tarbijavaidluste lahendamine).<\/p>\n<h4>Kellele isikuandmed edastatakse?<\/h4>\n<p>Isikuandmed edastatakse veebilehe klienditoele p\u00e4ringute ja kliendiprobleemide lahendamiseks.<\/p>\n<p>Isikuandmeid v\u00f5idakse edastada infotehnoloogia teenuste pakkujatele, kui see on vajalik veebilehe funktsionaalsuse v\u00f5i andmemajutuse tagamiseks. Flovac O\u00dc on isikuandmete vastutav t\u00f6\u00f6tleja. Isikuandmete vastutav t\u00f6\u00f6tleja on flovac.ee.<\/p>\n<h4>Turvalisus ja andmetele ligip\u00e4\u00e4s<\/h4>\n<p>Juurdep\u00e4\u00e4s isikuandmetele on veebilehe t\u00f6\u00f6tajatel, kes saavad isikuandmetega tutvuda selleks, et lahendada veebipoe kasutamisega seonduvaid tehnilisi k\u00fcsimusi ning osutada klienditoe teenust.<\/p>\n<p>Veebipood rakendab asjakohaseid f\u00fc\u00fcsilisi, organisatsioonilisi ja infotehnilisi turvameetmeid, et kaitsta isikuandmeid juhusliku v\u00f5i ebaseadusliku h\u00e4vitamise, kaotsimineku, muutmise v\u00f5i loata juurdep\u00e4\u00e4su ja avalikustamise eest.<\/p>\n<p>Isikuandmete edastamine veebilehe volitatud t\u00f6\u00f6tlejatele (nt transporditeenuse pakkuja ja andmemajutus) isikuandmete t\u00f6\u00f6tlemine toimub veebilehe ja volitatud t\u00f6\u00f6tlejatega s\u00f5lmitud lepingute alusel. Volitatud t\u00f6\u00f6tlejaid on kohustatud tagama isikuandmete t\u00f6\u00f6tlemisel asjakohased kaitsemeetmed.<\/p>\n<h4>Isikuandmetega tutvumine ja parandamine<\/h4>\n<p>Isikuandmetega saab tutvuda klienditoe vahendusel.<\/p>\n<h4>N\u00f5usoleku tagasiv\u00f5tmine<\/h4>\n<p>Kui isikundmete t\u00f6\u00f6tlemine toimub kliendi n\u00f5usoleku alusel, siis on kliendil \u00f5igus n\u00f5usolek tagasi v\u00f5tta teavitades sellest kliendituge e-posti teel info@flovac.ee<\/p>\n<h4>S\u00e4ilitamine<\/h4>\n<p>Raamatupidamise jaoks vajalikud isikuandmed s\u00e4ilitatakse seitse aastat.<\/p>\n<h4>Kustutamine<\/h4>\n<p>Isikuandmete kustutamiseks tuleb v\u00f5tta \u00fchendust klienditoega e-posti teel (info@flovac.ee). Kustutamistaotlusele vastatakse mitte hiljem kui kuu aja jooksul ning t\u00e4psustakse andmete kustutamise perioodi.<\/p>\n<h4>\u00dclekandmine<\/h4>\n<p>E-posti teel esitatud \u00fclekandmise taotlusele vastatakse hiljemalt kuu aja jooksul. Klienditugi tuvastab isikusamasuse ja teavitab \u00fclekandmisele kohalduvatest isikuandmetest.<\/p>\n<h4>Vaidluste lahendamine<\/h4>\n<p>Isikuandmete t\u00f6\u00f6tlemisega seotud vaidluste lahendamine toimub klienditoe vahendusel e-posti teel info@flovac.ee. J\u00e4relevalveasutus on Eesti Andmekaitse Inspektsioon (info@aki.ee).[\/vc_column_text][\/vc_column][vc_column width=&#8221;1\/3&#8243;][\/vc_column][\/vc_row]<\/p>\n<\/div>","protected":false},"excerpt":{"rendered":"<p>[vc_row css=&#8221;.vc_custom_1479898409299{margin-top: 50px !important;}&#8221;][vc_column width=&#8221;2\/3&#8243;][vc_column_text] Milliseid isikuandmeid t\u00f6\u00f6deldakse? nimi, telefoninumber ja e-posti aadress; Mis eesm\u00e4rgil isikuandmeid t\u00f6\u00f6deldakse? Isikuandmeid nagu e-post, telefoni nr, kliendi nimi, t\u00f6\u00f6deldakse selleks,<span class=\"excerpt-hellip\"> [\u2026]<\/span><\/p>\n","protected":false},"author":1,"featured_media":0,"parent":0,"menu_order":0,"comment_status":"closed","ping_status":"closed","template":"","meta":{"footnotes":""},"class_list":["post-367","page","type-page","status-publish","hentry"],"aioseo_notices":[],"_links":{"self":[{"href":"https:\/\/flovac.ee\/fwp\/wp-json\/wp\/v2\/pages\/367","targetHints":{"allow":["GET"]}}],"collection":[{"href":"https:\/\/flovac.ee\/fwp\/wp-json\/wp\/v2\/pages"}],"about":[{"href":"https:\/\/flovac.ee\/fwp\/wp-json\/wp\/v2\/types\/page"}],"author":[{"embeddable":true,"href":"https:\/\/flovac.ee\/fwp\/wp-json\/wp\/v2\/users\/1"}],"replies":[{"embeddable":true,"href":"https:\/\/flovac.ee\/fwp\/wp-json\/wp\/v2\/comments?post=367"}],"version-history":[{"count":0,"href":"https:\/\/flovac.ee\/fwp\/wp-json\/wp\/v2\/pages\/367\/revisions"}],"wp:attachment":[{"href":"https:\/\/flovac.ee\/fwp\/wp-json\/wp\/v2\/media?parent=367"}],"curies":[{"name":"wp","href":"https:\/\/api.w.org\/{rel}","templated":true}]}}