{"id":44,"date":"2016-04-19T08:21:38","date_gmt":"2016-04-19T08:21:38","guid":{"rendered":"http:\/\/themes.muffingroup.com\/be\/aquapark\/?page_id=2"},"modified":"2024-05-01T07:19:06","modified_gmt":"2024-05-01T07:19:06","slug":"home","status":"publish","type":"page","link":"https:\/\/flovac.ee\/fwp\/","title":{"rendered":"Avaleht"},"content":{"rendered":"<div class=\"wpb-content-wrapper\"><p>[vc_row css=&#8221;.vc_custom_1479897659096{margin-top: 50px !important;}&#8221;][vc_column width=&#8221;1\/2&#8243;][vc_row_inner][vc_column_inner width=&#8221;1\/2&#8243;][vc_custom_heading text=&#8221;Vaakum-kanalisatsioon&#8221; font_container=&#8221;tag:h5|text_align:left&#8221; use_theme_fonts=&#8221;yes&#8221;][vc_separator color=&#8221;custom&#8221; align=&#8221;align_left&#8221; border_width=&#8221;3&#8243; el_width=&#8221;20&#8243; accent_color=&#8221;#007175&#8243;][vc_column_text css_animation=&#8221;left-to-right&#8221;]Vaakum-kanalisatsioon on odav ja keskkonnas\u00f5bralik meetod reovee transportimiseks hoonetest reoveepuhastini. Valminud s\u00fcsteemid on alates 1960 aastast kasutusel \u00fcle 40 riigis.[\/vc_column_text][\/vc_column_inner][vc_column_inner width=&#8221;1\/2&#8243;][vc_custom_heading text=&#8221;Flovac vaakums\u00fcsteemid&#8221; font_container=&#8221;tag:h5|text_align:left&#8221; use_theme_fonts=&#8221;yes&#8221;][vc_separator color=&#8221;custom&#8221; align=&#8221;align_left&#8221; border_width=&#8221;3&#8243; el_width=&#8221;20&#8243; accent_color=&#8221;#007175&#8243;][vc_column_text css_animation=&#8221;left-to-right&#8221;]<\/p>\n<ul>\n<li><a href=\"https:\/\/flovac.ee\/fwp\/vaakumsusteemid\/\">Vaakumkanalisatsioonis\u00fcsteem<\/a><\/li>\n<li><a href=\"https:\/\/flovac.ee\/fwp\/vaakumkaev\/\">Vaakumkaev<\/a><\/li>\n<li><a href=\"https:\/\/flovac.ee\/fwp\/flovaci-vaakumklapp\/\">Vaakumklapp<\/a><\/li>\n<li><a href=\"https:\/\/flovac.ee\/fwp\/flovaci-vaakumtorustik\/\">Vaakumtorustik<\/a><\/li>\n<li><a href=\"https:\/\/flovac.ee\/fwp\/flovac-vaakumpumpla\/\">Vaakumpumpla<\/a><\/li>\n<li>WC\/Pissuaarid<\/li>\n<li>PVC-U torustike liimimist\u00f6\u00f6d<\/li>\n<\/ul>\n<p>[\/vc_column_text][\/vc_column_inner][\/vc_row_inner][vc_separator color=&#8221;custom&#8221; align=&#8221;align_left&#8221; accent_color=&#8221;#007175&#8243;][vc_row_inner][vc_column_inner][vc_btn title=&#8221;Flovac vaakums\u00fcsteemidest pikemalt&#8221; style=&#8221;outline-custom&#8221; outline_custom_color=&#8221;#091b31&#8243; outline_custom_hover_background=&#8221;#091b31&#8243; outline_custom_hover_text=&#8221;#ffffff&#8221; align=&#8221;center&#8221; css_animation=&#8221;bottom-to-top&#8221; link=&#8221;url:https%3A%2F%2Fflovac.ee%2Ffwp%2Fvaakumsusteemid%2F|||&#8221;][\/vc_column_inner][\/vc_row_inner][\/vc_column][vc_column width=&#8221;1\/2&#8243;][vc_row_inner][vc_column_inner width=&#8221;1\/2&#8243;][vc_single_image image=&#8221;99&#8243; img_size=&#8221;full&#8221; add_caption=&#8221;yes&#8221; style=&#8221;vc_box_shadow_3d&#8221; onclick=&#8221;link_image&#8221; css_animation=&#8221;right-to-left&#8221;][\/vc_column_inner][vc_column_inner width=&#8221;1\/2&#8243;][vc_single_image image=&#8221;100&#8243; img_size=&#8221;full&#8221; add_caption=&#8221;yes&#8221; style=&#8221;vc_box_shadow_3d&#8221; onclick=&#8221;link_image&#8221; css_animation=&#8221;right-to-left&#8221;][\/vc_column_inner][\/vc_row_inner][\/vc_column][\/vc_row][vc_row content_placement=&#8221;top&#8221; css=&#8221;.vc_custom_1479928126085{margin-bottom: 25px !important;border-top-width: 3px !important;border-right-width: 3px !important;border-bottom-width: 3px !important;border-left-width: 3px !important;}&#8221;][vc_column width=&#8221;1\/4&#8243; css=&#8221;.vc_custom_1479928174876{border-top-width: 0px !important;border-right-width: 0px !important;border-bottom-width: 0px !important;border-left-width: 0px !important;border-left-color: #007175 !important;border-left-style: solid !important;border-right-color: #007175 !important;border-right-style: solid !important;border-top-color: #007175 !important;border-top-style: solid !important;border-bottom-color: #007175 !important;border-bottom-style: solid !important;}&#8221;][vc_custom_heading text=&#8221;Kes me oleme?&#8221; font_container=&#8221;tag:h5|text_align:left&#8221; use_theme_fonts=&#8221;yes&#8221;][vc_column_text css_animation=&#8221;left-to-right&#8221;]Meie p\u00f5hitegevusala on vaakumkanalisatsiooni eskiislahenduste v\u00e4lja t\u00f6\u00f6tamine. Lisaks m\u00fc\u00fcme, paigaldame ning hooldame vaakumkanalisatsiooni seadmeid.[\/vc_column_text][vc_btn title=&#8221;Vaata edasi&#8221; style=&#8221;outline-custom&#8221; outline_custom_color=&#8221;#091b31&#8243; outline_custom_hover_background=&#8221;#091b31&#8243; outline_custom_hover_text=&#8221;#ffffff&#8221; align=&#8221;left&#8221; link=&#8221;url:https%3A%2F%2Fflovac.ee%2Ffwp%2Fmillega-tegeleme%2F|||&#8221;][\/vc_column][vc_column width=&#8221;1\/4&#8243;][vc_custom_heading text=&#8221;Flovac Nordic O\u00dc&#8221; font_container=&#8221;tag:h5|text_align:left&#8221; use_theme_fonts=&#8221;yes&#8221;][vc_column_text css_animation=&#8221;right-to-left&#8221;]Vabriku 3, Tallinn<br \/>\nHarjumaa 10411<br \/>\nEesti<\/p>\n<p>E-post: info@flovac.ee<br \/>\nTelefon: +372 52 10 438<br \/>\nwww.flovac.ee[\/vc_column_text][\/vc_column][vc_column width=&#8221;1\/2&#8243; css=&#8221;.vc_custom_1479895009169{margin-top: -35px !important;}&#8221;][vc_gmaps link=&#8221;#E-8_JTNDaWZyYW1lJTIwc3JjJTNEJTIyaHR0cHMlM0ElMkYlMkZ3d3cuZ29vZ2xlLmNvbSUyRm1hcHMlMkZlbWJlZCUzRnBiJTNEJTIxMW0xOCUyMTFtMTIlMjExbTMlMjExZDIwMjguNDYxMjAxNzMyNjk3OSUyMTJkMjQuNzMxMjY0NDc3ODIyMTMzJTIxM2Q1OS40NDIwNjAzMDE5OTE0JTIxMm0zJTIxMWYwJTIxMmYwJTIxM2YwJTIxM20yJTIxMWkxMDI0JTIxMmk3NjglMjE0ZjEzLjElMjEzbTMlMjExbTIlMjExczB4NDY5MjkzN2M0NTVlOTk2NSUyNTNBMHg1YTIzOTFhNGE1YWY5NmZlJTIxMnNWYWJyaWt1JTI1MjAzJTI1MkMlMjUyMDEwNDExJTI1MjBUYWxsaW5uJTIxNWUwJTIxM20yJTIxMXNlbiUyMTJzZWUlMjE0djE3MTQ1NDc4OTk3OTklMjE1bTIlMjExc2VuJTIxMnNlZSUyMiUyMHdpZHRoJTNEJTIyMTAwJTI1JTIyJTIwaGVpZ2h0JTNEJTIyMzUwJTIyJTIwc3R5bGUlM0QlMjJib3JkZXIlM0EwJTNCJTIyJTIwYWxsb3dmdWxsc2NyZWVuJTNEJTIyJTIyJTIwbG9hZGluZyUzRCUyMmxhenklMjIlMjByZWZlcnJlcnBvbGljeSUzRCUyMm5vLXJlZmVycmVyLXdoZW4tZG93bmdyYWRlJTIyJTNFJTNDJTJGaWZyYW1lJTNF&#8221; css=&#8221;&#8221;][\/vc_column][\/vc_row][vc_row full_width=&#8221;stretch_row_content_no_spaces&#8221; css=&#8221;.vc_custom_1558339462155{background: #214169 url(https:\/\/flovac.ee\/fwp\/wp-content\/uploads\/2016\/04\/slide-1.jpg?id=276) !important;}&#8221;][vc_column css=&#8221;.vc_custom_1479896187216{margin-top: 75px !important;margin-bottom: 75px !important;}&#8221;][vc_custom_heading text=&#8221;Vaakumkanalisatsiooni lahendused&#8221; font_container=&#8221;tag:h2|text_align:center|color:%23ffffff|line_height:30px&#8221; use_theme_fonts=&#8221;yes&#8221;][vc_separator color=&#8221;custom&#8221; border_width=&#8221;3&#8243; el_width=&#8221;20&#8243; css=&#8221;.vc_custom_1479896104567{padding-top: 25px !important;}&#8221; accent_color=&#8221;#ffffff&#8221;][vc_btn title=&#8221;V\u00f5tke meiega \u00fchendust&#8221; style=&#8221;outline-custom&#8221; outline_custom_color=&#8221;#ffffff&#8221; outline_custom_hover_background=&#8221;#ffffff&#8221; outline_custom_hover_text=&#8221;#214169&#8243; align=&#8221;center&#8221; link=&#8221;url:https%3A%2F%2Fflovac.ee%2Ffwp%2Fkontakt%2F|||&#8221;][\/vc_column][\/vc_row]<\/p>\n<\/div>","protected":false},"excerpt":{"rendered":"<p>[vc_row css=&#8221;.vc_custom_1479897659096{margin-top: 50px !important;}&#8221;][vc_column width=&#8221;1\/2&#8243;][vc_row_inner][vc_column_inner width=&#8221;1\/2&#8243;][vc_custom_heading text=&#8221;Vaakum-kanalisatsioon&#8221; font_container=&#8221;tag:h5|text_align:left&#8221; use_theme_fonts=&#8221;yes&#8221;][vc_separator color=&#8221;custom&#8221; align=&#8221;align_left&#8221; border_width=&#8221;3&#8243; el_width=&#8221;20&#8243; accent_color=&#8221;#007175&#8243;][vc_column_text css_animation=&#8221;left-to-right&#8221;]Vaakum-kanalisatsioon on odav ja keskkonnas\u00f5bralik meetod reovee transportimiseks hoonetest reoveepuhastini. Valminud s\u00fcsteemid<span class=\"excerpt-hellip\"> [\u2026]<\/span><\/p>\n","protected":false},"author":1,"featured_media":0,"parent":0,"menu_order":0,"comment_status":"closed","ping_status":"open","template":"","meta":{"footnotes":""},"class_list":["post-44","page","type-page","status-publish","hentry"],"aioseo_notices":[],"_links":{"self":[{"href":"https:\/\/flovac.ee\/fwp\/wp-json\/wp\/v2\/pages\/44","targetHints":{"allow":["GET"]}}],"collection":[{"href":"https:\/\/flovac.ee\/fwp\/wp-json\/wp\/v2\/pages"}],"about":[{"href":"https:\/\/flovac.ee\/fwp\/wp-json\/wp\/v2\/types\/page"}],"author":[{"embeddable":true,"href":"https:\/\/flovac.ee\/fwp\/wp-json\/wp\/v2\/users\/1"}],"replies":[{"embeddable":true,"href":"https:\/\/flovac.ee\/fwp\/wp-json\/wp\/v2\/comments?post=44"}],"version-history":[{"count":0,"href":"https:\/\/flovac.ee\/fwp\/wp-json\/wp\/v2\/pages\/44\/revisions"}],"wp:attachment":[{"href":"https:\/\/flovac.ee\/fwp\/wp-json\/wp\/v2\/media?parent=44"}],"curies":[{"name":"wp","href":"https:\/\/api.w.org\/{rel}","templated":true}]}}